{"id":1008,"date":"2019-01-24T14:20:59","date_gmt":"2019-01-24T14:20:59","guid":{"rendered":"https:\/\/iwclub.hu\/?page_id=1008"},"modified":"2019-01-24T14:24:46","modified_gmt":"2019-01-24T14:24:46","slug":"kepessegvizsgak-2019","status":"publish","type":"page","link":"https:\/\/iwclub.hu\/en\/rendezvenyek\/kepessegvizsgak-2019\/","title":{"rendered":"(Magyar) K\u00e9pess\u00e9gvizsg\u00e1k 2019"},"content":{"rendered":"<p class=\"qtranxs-available-languages-message qtranxs-available-languages-message-en\">Sorry, this entry is only available in <a href=\"https:\/\/iwclub.hu\/hu\/wp-json\/wp\/v2\/pages\/1008\" class=\"qtranxs-available-language-link qtranxs-available-language-link-hu\" title=\"Magyar\">Magyar<\/a>.<\/p>","protected":false},"excerpt":{"rendered":"<p>Sorry, this entry is only available in Magyar.<\/p>\n","protected":false},"author":1,"featured_media":0,"parent":753,"menu_order":2,"comment_status":"closed","ping_status":"closed","template":"","meta":{"ngg_post_thumbnail":0,"footnotes":""},"class_list":["post-1008","page","type-page","status-publish","hentry"],"_links":{"self":[{"href":"https:\/\/iwclub.hu\/en\/wp-json\/wp\/v2\/pages\/1008","targetHints":{"allow":["GET"]}}],"collection":[{"href":"https:\/\/iwclub.hu\/en\/wp-json\/wp\/v2\/pages"}],"about":[{"href":"https:\/\/iwclub.hu\/en\/wp-json\/wp\/v2\/types\/page"}],"author":[{"embeddable":true,"href":"https:\/\/iwclub.hu\/en\/wp-json\/wp\/v2\/users\/1"}],"replies":[{"embeddable":true,"href":"https:\/\/iwclub.hu\/en\/wp-json\/wp\/v2\/comments?post=1008"}],"version-history":[{"count":2,"href":"https:\/\/iwclub.hu\/en\/wp-json\/wp\/v2\/pages\/1008\/revisions"}],"predecessor-version":[{"id":1015,"href":"https:\/\/iwclub.hu\/en\/wp-json\/wp\/v2\/pages\/1008\/revisions\/1015"}],"up":[{"embeddable":true,"href":"https:\/\/iwclub.hu\/en\/wp-json\/wp\/v2\/pages\/753"}],"wp:attachment":[{"href":"https:\/\/iwclub.hu\/en\/wp-json\/wp\/v2\/media?parent=1008"}],"curies":[{"name":"wp","href":"https:\/\/api.w.org\/{rel}","templated":true}]}}