{"id":1144,"date":"2023-01-16T09:37:15","date_gmt":"2023-01-16T09:37:15","guid":{"rendered":"https:\/\/iwclub.hu\/?page_id=1144"},"modified":"2024-01-09T09:01:16","modified_gmt":"2024-01-09T09:01:16","slug":"tagga-valas-magfe","status":"publish","type":"page","link":"https:\/\/iwclub.hu\/en\/tagga-valas-magfe\/","title":{"rendered":"(Magyar) Tagg\u00e1 v\u00e1l\u00e1s (MAGFE)"},"content":{"rendered":"<p class=\"qtranxs-available-languages-message qtranxs-available-languages-message-en\">Sorry, this entry is only available in <a href=\"https:\/\/iwclub.hu\/hu\/wp-json\/wp\/v2\/pages\/1144\" class=\"qtranxs-available-language-link qtranxs-available-language-link-hu\" title=\"Magyar\">Magyar<\/a>.<\/p>","protected":false},"excerpt":{"rendered":"<p>Sorry, this entry is only available in Magyar.<\/p>\n","protected":false},"author":2,"featured_media":0,"parent":0,"menu_order":0,"comment_status":"closed","ping_status":"closed","template":"","meta":{"ngg_post_thumbnail":0,"footnotes":""},"class_list":["post-1144","page","type-page","status-publish","hentry"],"_links":{"self":[{"href":"https:\/\/iwclub.hu\/en\/wp-json\/wp\/v2\/pages\/1144","targetHints":{"allow":["GET"]}}],"collection":[{"href":"https:\/\/iwclub.hu\/en\/wp-json\/wp\/v2\/pages"}],"about":[{"href":"https:\/\/iwclub.hu\/en\/wp-json\/wp\/v2\/types\/page"}],"author":[{"embeddable":true,"href":"https:\/\/iwclub.hu\/en\/wp-json\/wp\/v2\/users\/2"}],"replies":[{"embeddable":true,"href":"https:\/\/iwclub.hu\/en\/wp-json\/wp\/v2\/comments?post=1144"}],"version-history":[{"count":2,"href":"https:\/\/iwclub.hu\/en\/wp-json\/wp\/v2\/pages\/1144\/revisions"}],"predecessor-version":[{"id":1167,"href":"https:\/\/iwclub.hu\/en\/wp-json\/wp\/v2\/pages\/1144\/revisions\/1167"}],"wp:attachment":[{"href":"https:\/\/iwclub.hu\/en\/wp-json\/wp\/v2\/media?parent=1144"}],"curies":[{"name":"wp","href":"https:\/\/api.w.org\/{rel}","templated":true}]}}