{"id":443,"date":"2014-07-04T19:16:55","date_gmt":"2014-07-04T17:16:55","guid":{"rendered":"http:\/\/iwclub.hu\/?page_id=443"},"modified":"2025-01-21T16:56:05","modified_gmt":"2025-01-21T16:56:05","slug":"tenyesztok","status":"publish","type":"page","link":"https:\/\/iwclub.hu\/en\/magyar-agar\/tenyesztok\/","title":{"rendered":"Teny\u00e9szt\u0151k"},"content":{"rendered":"<p>ILLA-BEREK br: Ferenc\u00a0Jakkel<br \/>\n\u00d3HUNGARIKUM br.:G\u00e1bor Kor\u00f3zs and\u00a0T\u00edmea Kor\u00f3zs-T\u00f3th<br \/>\nKURUCLESI t.: Mikl\u00f3s Heged\u0171s<br \/>\nARANY\u00c1GI \u00daTON\u00c1LL\u00d3 br.: Andrea Lugosi<br \/>\nVAKV\u00c1GTA br.:\u00a0Annam\u00e1ria\u00a0L\u00f3ky<br \/>\nBALATONI NYITNIK\u00c9K br.: Iv\u00e1n Pataki<br \/>\nELFELEDETT KINCS\u00dcNK br.: Ferenc Bana and\u00a0Bettina\u00a0Bana<br \/>\nS\u00c1RR\u00c9TI-PORTY\u00c1Z\u00d3\u00a0br.: Istv\u00e1n\u00a0Szloboda<br \/>\nD\u00c9VAJ 1976\u00a0br.: Judit\u00a0Szanka<br \/>\nOLAJOS-R\u00c9TI GY\u0150Z\u0150S br.: Csaba\u00a0M\u00e1rton<br \/>\nF\u00c9NY\u0170Z\u0150 br.: Zs\u00f3fia Kecsk\u00e9s<br \/>\nKUCORG\u00d3-DOMBI br.: Orsolya Bali<br \/>\nREP\u00dcLJ br.: Tam\u00e1s P\u00e1g\u00e1ny<br \/>\nSZATM\u00c1R SZ\u00c9PE br.: Istv\u00e1n Danka and Gyula N\u00e9medi<br \/>\nSARKADI-S\u00c1RK\u00c1NY br.: Zsolt Sarkadi<br \/>\nETELK\u00d6ZI-NYUL\u00c1SZ br.: Viktor Nagy<br \/>\nCSERIHEGYI br.: Di\u00e1na Kom\u00e1romi<br \/>\nLUCKY PENNY br.: Margar\u00e9ta Bodrogi<br \/>\nKALANDVAD\u00c1SZ br.: J\u00f3zsef V\u00e9tek<br \/>\nSZELEK SZ\u00c1RNY\u00c1N br.: Dr. Ildik\u00f3 Puchner<\/p>","protected":false},"excerpt":{"rendered":"<p>ILLA-BEREK br: Ferenc\u00a0Jakkel \u00d3HUNGARIKUM br.:G\u00e1bor Kor\u00f3zs and\u00a0T\u00edmea Kor\u00f3zs-T\u00f3th KURUCLESI t.: Mikl\u00f3s Heged\u0171s ARANY\u00c1GI \u00daTON\u00c1LL\u00d3 br.: Andrea Lugosi VAKV\u00c1GTA br.:\u00a0Annam\u00e1ria\u00a0L\u00f3ky BALATONI NYITNIK\u00c9K br.: Iv\u00e1n Pataki ELFELEDETT KINCS\u00dcNK br.: Ferenc Bana and\u00a0Bettina\u00a0Bana S\u00c1RR\u00c9TI-PORTY\u00c1Z\u00d3\u00a0br.: Istv\u00e1n\u00a0Szloboda D\u00c9VAJ 1976\u00a0br.: Judit\u00a0Szanka OLAJOS-R\u00c9TI GY\u0150Z\u0150S br.: Csaba\u00a0M\u00e1rton F\u00c9NY\u0170Z\u0150 &hellip; <a href=\"https:\/\/iwclub.hu\/en\/magyar-agar\/tenyesztok\/\">Continue reading <span class=\"meta-nav\">&rarr;<\/span><\/a><\/p>\n","protected":false},"author":1,"featured_media":0,"parent":436,"menu_order":3,"comment_status":"closed","ping_status":"closed","template":"","meta":{"ngg_post_thumbnail":0,"footnotes":""},"class_list":["post-443","page","type-page","status-publish","hentry"],"_links":{"self":[{"href":"https:\/\/iwclub.hu\/en\/wp-json\/wp\/v2\/pages\/443","targetHints":{"allow":["GET"]}}],"collection":[{"href":"https:\/\/iwclub.hu\/en\/wp-json\/wp\/v2\/pages"}],"about":[{"href":"https:\/\/iwclub.hu\/en\/wp-json\/wp\/v2\/types\/page"}],"author":[{"embeddable":true,"href":"https:\/\/iwclub.hu\/en\/wp-json\/wp\/v2\/users\/1"}],"replies":[{"embeddable":true,"href":"https:\/\/iwclub.hu\/en\/wp-json\/wp\/v2\/comments?post=443"}],"version-history":[{"count":9,"href":"https:\/\/iwclub.hu\/en\/wp-json\/wp\/v2\/pages\/443\/revisions"}],"predecessor-version":[{"id":1197,"href":"https:\/\/iwclub.hu\/en\/wp-json\/wp\/v2\/pages\/443\/revisions\/1197"}],"up":[{"embeddable":true,"href":"https:\/\/iwclub.hu\/en\/wp-json\/wp\/v2\/pages\/436"}],"wp:attachment":[{"href":"https:\/\/iwclub.hu\/en\/wp-json\/wp\/v2\/media?parent=443"}],"curies":[{"name":"wp","href":"https:\/\/api.w.org\/{rel}","templated":true}]}}