{"id":47,"date":"2012-12-02T12:38:24","date_gmt":"2012-12-02T11:38:24","guid":{"rendered":"http:\/\/iwclub.hu\/?page_id=47"},"modified":"2018-04-30T18:02:13","modified_gmt":"2018-04-30T18:02:13","slug":"kiallitas","status":"publish","type":"page","link":"https:\/\/iwclub.hu\/en\/rendezvenyek\/kiallitas\/","title":{"rendered":"Ki\u00e1ll\u00edt\u00e1s"},"content":{"rendered":"<p><\/p>\n<p style=\"text-align: center;\">Downloadable entry form: <a href=\"http:\/\/iwclub.hu\/wp-content\/uploads\/2015\/03\/nevlap02.pdf\" target=\"_blank\">ENTRY FORM<\/a><\/p>\n<p style=\"text-align: center;\"><strong>Shows in 2018<\/strong><\/p>\n<p style=\"text-align: center;\">2018.03.13. P\u00e9cs Speciality Club Show<\/p>\n<p style=\"text-align: center;\">2018.05.13. G\u00f6d\u00f6ll\u0151 Club Show<\/p>\n<p style=\"text-align: center;\">2018. 08.11. \u0150sag\u00e1rd Club Show<\/p>\n<p style=\"text-align: center;\">2018. 12. 08. Kistarcsa Open Show<\/p>\n<p style=\"text-align: center;\"><strong>SHOWS IN\u00a02017<\/strong><\/p>\n<p style=\"text-align: center;\"><strong style=\"line-height: 1.5em;\">&#8220;SISSI MEMORIAL&#8221; CLUBWINNER SHOW &#8211;\u00a0<\/strong><strong style=\"line-height: 1.5em;\">24. June 2017. G\u00f6d\u00f6ll\u0151<\/strong><\/p>\n<p style=\"text-align: center;\">Judges:<\/p>\n<p style=\"text-align: center;\">Mrs. Marion &amp; Mr. Tim Finney from Ireland (Gulliagh Irish Wolfhounds).<\/p>\n<p style=\"text-align: center;\">Breeds: full FCI X, plus pharaohound, basenji, cirneco dell&#8217; etna, podenco ibicenco<\/p>\n<p style=\"text-align: center;\">Clubwinner show for all the judged\u00a0breeds. BOS will be awarded.<\/p>\n<p style=\"text-align: center;\">Entry address (mail): Szentes-Magyart\u00e9s, Tanya 58. sz\u00e1m, 6611, Hungary,\u00a0Email: <a href=\"mailto:iwclub.hu@gmail.com\" target=\"_blank\">iwclub.hu@gmail.com<\/a><\/p>\n<p style=\"text-align: center;\">Entry fee:<\/p>\n<p style=\"text-align: center;\">First dog: 40,- EUR, additional dogs 35,- EUR<\/p>\n<p style=\"text-align: center;\">Veteran dogs, minor puppies and puppies: 25,- EUR<\/p>\n<p style=\"text-align: center;\">Junior handlers, braces, breeding- and progeny groups: 10,- EUR<\/p>\n<p style=\"text-align: center;\">Entry deadline: 15. June\u00a02017. (midnight)<\/p>\n<p style=\"text-align: center;\">Bank account:<\/p>\n<div style=\"text-align: center;\">IBAN: HU 4611735043214765200000000 SWIFT code: OTPV-HUHB<\/div>\n<p style=\"text-align: center;\">Please attach the copy of the pedigree and the document confirms your payment via bank transfer.<\/p>\n<p style=\"text-align: center;\"><span style=\"font-size: 16px;\"><strong>**************<\/strong><\/span><\/p>\n<p style=\"text-align: center;\"><span style=\"font-size: 16px;\"><strong>PAST SHOW RESULTS<\/strong><\/span><\/p>\n<p style=\"text-align: center;\"><span style=\"font-size: 16px;\"><strong>RESULTS OF THE &#8220;SISSI MEMORIAL&#8221; CLUB SPECIALITY in 2013:<\/strong><\/span><\/p>\n<p style=\"text-align: center;\"><span style=\"text-decoration: underline;\"><b>MALES<\/b><\/span><\/p>\n<p>Junior males<\/p>\n<p>Glor Na Gael Attila \u2013 Ex1, HPJ, Junior Clubwinner<\/p>\n<p><span style=\"text-decoration: underline;\"><b>Intermediate males<\/b><\/span><\/p>\n<p>Cuaontroime Dunne \u2013 Ex1, CAC<\/p>\n<p>Laurel of Twilight Dream \u2013 Ex2, Res.CAC<\/p>\n<p style=\"text-align: center;\"><span style=\"text-decoration: underline;\"><b>Open males<\/b><\/span><\/p>\n<p>Gaston of Twilight Zone \u2013 Ex3<\/p>\n<p>Glor Na Gael Manus \u2013 Vg<\/p>\n<p>Miliy Zver Russian Standard \u2013 Ex2, Res.CAC<\/p>\n<p>Romeo Surycan \u2013 Vg<\/p>\n<p>Skibberdeen&#8217;s Rudolph \u2013 Ex1, CAC, Clubwinner, Best in Show (BOB)<\/p>\n<p>Tsarskaja Prihot Tamerlan Velikiy Voin- Ex4.<\/p>\n<p style=\"text-align: center;\"><span style=\"text-decoration: underline;\"><b>Champion males<\/b><\/span><\/p>\n<p>Tsarskaja Prihot Sigurd Severnaya Legenda \u2013 Ex2 Res.CAC<\/p>\n<p>Tullaghan&#8217;s Delwyn \u2013 Ex1, CAC<\/p>\n<p style=\"text-align: center;\"><span style=\"text-decoration: underline;\"><b>FEMALES<\/b><\/span><\/p>\n<p style=\"text-align: center;\"><span style=\"text-decoration: underline;\"><b>Baby females<\/b><\/span><\/p>\n<p>Neuschwanstein IW&amp;D&#8217;s Orlana \u2013 VP1, Best Baby<\/p>\n<p style=\"text-align: center;\"><span style=\"text-decoration: underline;\"><b>Puppy females<\/b><\/span><\/p>\n<p>Amititia Alya \u2013 VP1, Best Puppy<\/p>\n<p style=\"text-align: center;\"><span style=\"text-decoration: underline;\"><b>Junior females<\/b><\/span><\/p>\n<p>Miracle of Twilight Dream \u2013 Vg<\/p>\n<p style=\"text-align: center;\"><span style=\"text-decoration: underline;\"><b>Intermediate females<\/b><\/span><\/p>\n<p>Backwoods Kate of Neuschwanstein \u2013 Ex1, CAC<\/p>\n<p style=\"text-align: center;\"><span style=\"text-decoration: underline;\"><b>Open females<\/b><\/span><\/p>\n<p>Irish Beauty of Twilight Zone \u2013 Ex3<\/p>\n<p>Kathleen of Twilight Zone \u2013 Ex<\/p>\n<p>Mami&#8217;s Beardie Poor Penny \u2013 Ex4<\/p>\n<p>Miliy Zver Sessilia \u2013 Ex2, Res.CAC<\/p>\n<p>Skibberdeen&#8217;s Bryanne \u2013 Ex1, CAC, Clubwinner, BOS<\/p>\n<p>Tsarskaja Prihot Victoria \u2013 Ex<\/p>\n<p style=\"text-align: center;\"><span style=\"text-decoration: underline;\"><b>Champion bitches<\/b><\/span><\/p>\n<p>Athcarne Ciara \u2013 Ex1, CAC<\/p>\n<p>Giulietta of Twilight Zone \u2013 Ex2. Res.CAC<\/p>\n<p>Miliy Zver Robberess \u2013 ABS<\/p>\n<p>Tsarskaja Prihot Yarkaya Zvezda Signu \u2013 Ex3<\/p>\n<p style=\"text-align: center;\"><span style=\"text-decoration: underline;\"><b>Veteran Bitches<\/b><\/span><\/p>\n<p>Glor Na Gael Danu \u2013 ABS<\/p>\n<p>Glor Na Gael Deidre \u2013 Ex1, CAC, Best Veteran<\/p>","protected":false},"excerpt":{"rendered":"<p>Downloadable entry form: ENTRY FORM Shows in 2018 2018.03.13. P\u00e9cs Speciality Club Show 2018.05.13. G\u00f6d\u00f6ll\u0151 Club Show 2018. 08.11. \u0150sag\u00e1rd Club Show 2018. 12. 08. Kistarcsa Open Show SHOWS IN\u00a02017 &#8220;SISSI MEMORIAL&#8221; CLUBWINNER SHOW &#8211;\u00a024. June 2017. G\u00f6d\u00f6ll\u0151 Judges: Mrs. &hellip; <a href=\"https:\/\/iwclub.hu\/en\/rendezvenyek\/kiallitas\/\">Continue reading <span class=\"meta-nav\">&rarr;<\/span><\/a><\/p>\n","protected":false},"author":1,"featured_media":0,"parent":753,"menu_order":1,"comment_status":"closed","ping_status":"closed","template":"","meta":{"ngg_post_thumbnail":0,"footnotes":""},"class_list":["post-47","page","type-page","status-publish","hentry"],"_links":{"self":[{"href":"https:\/\/iwclub.hu\/en\/wp-json\/wp\/v2\/pages\/47","targetHints":{"allow":["GET"]}}],"collection":[{"href":"https:\/\/iwclub.hu\/en\/wp-json\/wp\/v2\/pages"}],"about":[{"href":"https:\/\/iwclub.hu\/en\/wp-json\/wp\/v2\/types\/page"}],"author":[{"embeddable":true,"href":"https:\/\/iwclub.hu\/en\/wp-json\/wp\/v2\/users\/1"}],"replies":[{"embeddable":true,"href":"https:\/\/iwclub.hu\/en\/wp-json\/wp\/v2\/comments?post=47"}],"version-history":[{"count":2,"href":"https:\/\/iwclub.hu\/en\/wp-json\/wp\/v2\/pages\/47\/revisions"}],"predecessor-version":[{"id":882,"href":"https:\/\/iwclub.hu\/en\/wp-json\/wp\/v2\/pages\/47\/revisions\/882"}],"up":[{"embeddable":true,"href":"https:\/\/iwclub.hu\/en\/wp-json\/wp\/v2\/pages\/753"}],"wp:attachment":[{"href":"https:\/\/iwclub.hu\/en\/wp-json\/wp\/v2\/media?parent=47"}],"curies":[{"name":"wp","href":"https:\/\/api.w.org\/{rel}","templated":true}]}}