{"id":49,"date":"2012-12-02T12:38:56","date_gmt":"2012-12-02T11:38:56","guid":{"rendered":"http:\/\/iwclub.hu\/?page_id=49"},"modified":"2012-12-02T12:38:56","modified_gmt":"2012-12-02T11:38:56","slug":"sport","status":"publish","type":"page","link":"https:\/\/iwclub.hu\/en\/rendezvenyek\/sport\/","title":{"rendered":"Sport"},"content":{"rendered":"<p>2014 Magyar Ag\u00e1r RESULTS:<\/p>\n<p>Sighthound of the year, magyar ag\u00e1r female, coursing:<\/p>\n<p><strong>Rep\u00fclj F\u00fclem\u00fcle<\/strong><\/p>\n<p>&nbsp;<\/p>\n<p>Sighthound of the year 2014 magyar ag\u00e1r male, coursing:<\/p>\n<p><strong>Pannon-Oriental \u00c1bel<\/strong><\/p>\n<p>&nbsp;<\/p>\n<p>National coursing champion 2014, females:<\/p>\n<ol>\n<li>place:\u00a0<strong>Vakv\u00e1gta Kacaj<\/strong><\/li>\n<li>place:\u00a0<strong>Rep\u00fclj F\u00fclem\u00fcle<\/strong><\/li>\n<li>place:\u00a0<strong>Rep\u00fclj F\u00fczike<\/strong><\/li>\n<li>place:\u00a0<strong>Kucorg\u00f3-Dombi G\u00e9rbic<\/strong><\/li>\n<li>place:\u00a0<strong>Pannon-Oriental \u00c1bel<\/strong><\/li>\n<li>place:\u00a0<strong>Egyetlen Aj\u00e1nd\u00e9k<\/strong><\/li>\n<\/ol>\n<p>&nbsp;<\/p>\n<p><strong>OVAL TRACK RACING:<\/strong><\/p>\n<p>Sighthound of the year 2014, male:<\/p>\n<p><strong>Egyelten Agyaf\u00fart<\/strong><\/p>\n<p>Sighthound of the year 2014, female:<\/p>\n<p><strong>Egyetlen Apr\u00f3 Angyal<\/strong><\/p>\n<p>&nbsp;<\/p>\n<p><strong>National Championship<\/strong><\/p>\n<p>males<\/p>\n<table>\n<tbody>\n<tr>\n<td width=\"43\">1<\/td>\n<td width=\"195\"><strong>Egyetlen Agyaf\u00fart<\/strong><\/td>\n<\/tr>\n<tr>\n<td width=\"43\">2<\/td>\n<td width=\"195\">Olajosr\u00e9ti-Gy\u0151z\u0151s Nom\u00e1d<\/td>\n<\/tr>\n<tr>\n<td width=\"43\">3<\/td>\n<td width=\"195\">Pannon-Oriental \u00c1bel<\/td>\n<\/tr>\n<tr>\n<td width=\"43\">4<\/td>\n<td width=\"195\">Nagymancs-Tappancs L\u00f3ti-Futi<\/td>\n<\/tr>\n<tr>\n<td width=\"43\">5<\/td>\n<td width=\"195\">Rep\u00fclj Felleg<\/td>\n<\/tr>\n<tr>\n<td width=\"43\">6<\/td>\n<td width=\"195\">Vakv\u00e1gta J\u00f3slat<\/td>\n<\/tr>\n<\/tbody>\n<\/table>\n<p>&nbsp;<\/p>\n<p>females<\/p>\n<table>\n<tbody>\n<tr>\n<td width=\"43\">1<\/td>\n<td width=\"195\"><strong>Cserihegyi Ejha<\/strong><\/td>\n<\/tr>\n<tr>\n<td width=\"43\">2<\/td>\n<td width=\"195\">Egyetlen Apr\u00f3 Angyal<\/td>\n<\/tr>\n<tr>\n<td width=\"43\">3<\/td>\n<td width=\"195\">Egyetlen \u00c1lomszusz\u00e9k<\/td>\n<\/tr>\n<tr>\n<td width=\"43\">4<\/td>\n<td width=\"195\">Cserihegyi Eml\u00e9k<\/td>\n<\/tr>\n<tr>\n<td width=\"43\">5<\/td>\n<td width=\"195\">Egyetlen \u00c1lmod\u00f3<\/td>\n<\/tr>\n<tr>\n<td width=\"43\">6<\/td>\n<td width=\"195\">Almasnaja von Ivuschka<\/td>\n<\/tr>\n<\/tbody>\n<\/table>\n<p><\/p>","protected":false},"excerpt":{"rendered":"<p>2014 Magyar Ag\u00e1r RESULTS: Sighthound of the year, magyar ag\u00e1r female, coursing: Rep\u00fclj F\u00fclem\u00fcle &nbsp; Sighthound of the year 2014 magyar ag\u00e1r male, coursing: Pannon-Oriental \u00c1bel &nbsp; National coursing champion 2014, females: place:\u00a0Vakv\u00e1gta Kacaj place:\u00a0Rep\u00fclj F\u00fclem\u00fcle place:\u00a0Rep\u00fclj F\u00fczike place:\u00a0Kucorg\u00f3-Dombi G\u00e9rbic &hellip; <a href=\"https:\/\/iwclub.hu\/en\/rendezvenyek\/sport\/\">Continue reading <span class=\"meta-nav\">&rarr;<\/span><\/a><\/p>\n","protected":false},"author":1,"featured_media":0,"parent":753,"menu_order":2,"comment_status":"closed","ping_status":"closed","template":"","meta":{"ngg_post_thumbnail":0,"footnotes":""},"class_list":["post-49","page","type-page","status-publish","hentry"],"_links":{"self":[{"href":"https:\/\/iwclub.hu\/en\/wp-json\/wp\/v2\/pages\/49","targetHints":{"allow":["GET"]}}],"collection":[{"href":"https:\/\/iwclub.hu\/en\/wp-json\/wp\/v2\/pages"}],"about":[{"href":"https:\/\/iwclub.hu\/en\/wp-json\/wp\/v2\/types\/page"}],"author":[{"embeddable":true,"href":"https:\/\/iwclub.hu\/en\/wp-json\/wp\/v2\/users\/1"}],"replies":[{"embeddable":true,"href":"https:\/\/iwclub.hu\/en\/wp-json\/wp\/v2\/comments?post=49"}],"version-history":[{"count":0,"href":"https:\/\/iwclub.hu\/en\/wp-json\/wp\/v2\/pages\/49\/revisions"}],"up":[{"embeddable":true,"href":"https:\/\/iwclub.hu\/en\/wp-json\/wp\/v2\/pages\/753"}],"wp:attachment":[{"href":"https:\/\/iwclub.hu\/en\/wp-json\/wp\/v2\/media?parent=49"}],"curies":[{"name":"wp","href":"https:\/\/api.w.org\/{rel}","templated":true}]}}