{"id":505,"date":"2014-08-01T19:12:59","date_gmt":"2014-08-01T17:12:59","guid":{"rendered":"http:\/\/iwclub.hu\/?page_id=505"},"modified":"2018-06-09T20:58:01","modified_gmt":"2018-06-09T20:58:01","slug":"utmutato-tenyesztoknek","status":"publish","type":"page","link":"https:\/\/iwclub.hu\/en\/magyar-agar\/szabalyzatok\/utmutato-tenyesztoknek\/","title":{"rendered":"\u00datmutat\u00f3 teny\u00e9szt\u0151knek"},"content":{"rendered":"<p>Guidline for breeders about pedigree applications, health checks and other useful details. Available only in hungarian.<\/p>","protected":false},"excerpt":{"rendered":"<p>Guidline for breeders about pedigree applications, health checks and other useful details. Available only in hungarian.<\/p>\n","protected":false},"author":1,"featured_media":0,"parent":758,"menu_order":3,"comment_status":"closed","ping_status":"closed","template":"","meta":{"ngg_post_thumbnail":0,"footnotes":""},"class_list":["post-505","page","type-page","status-publish","hentry"],"_links":{"self":[{"href":"https:\/\/iwclub.hu\/en\/wp-json\/wp\/v2\/pages\/505","targetHints":{"allow":["GET"]}}],"collection":[{"href":"https:\/\/iwclub.hu\/en\/wp-json\/wp\/v2\/pages"}],"about":[{"href":"https:\/\/iwclub.hu\/en\/wp-json\/wp\/v2\/types\/page"}],"author":[{"embeddable":true,"href":"https:\/\/iwclub.hu\/en\/wp-json\/wp\/v2\/users\/1"}],"replies":[{"embeddable":true,"href":"https:\/\/iwclub.hu\/en\/wp-json\/wp\/v2\/comments?post=505"}],"version-history":[{"count":2,"href":"https:\/\/iwclub.hu\/en\/wp-json\/wp\/v2\/pages\/505\/revisions"}],"predecessor-version":[{"id":923,"href":"https:\/\/iwclub.hu\/en\/wp-json\/wp\/v2\/pages\/505\/revisions\/923"}],"up":[{"embeddable":true,"href":"https:\/\/iwclub.hu\/en\/wp-json\/wp\/v2\/pages\/758"}],"wp:attachment":[{"href":"https:\/\/iwclub.hu\/en\/wp-json\/wp\/v2\/media?parent=505"}],"curies":[{"name":"wp","href":"https:\/\/api.w.org\/{rel}","templated":true}]}}