{"id":757,"date":"2012-12-02T12:33:24","date_gmt":"2012-12-02T11:33:24","guid":{"rendered":"http:\/\/iwclub.hu\/?page_id=32"},"modified":"2022-06-16T12:20:23","modified_gmt":"2022-06-16T12:20:23","slug":"vezetoseg","status":"publish","type":"page","link":"https:\/\/iwclub.hu\/en\/rolunk\/vezetoseg\/","title":{"rendered":"Vezet\u0151s\u00e9g"},"content":{"rendered":"<p><\/p>\n<p style=\"text-align: center;\"><strong>Board members and contacts:<\/strong><\/p>\n<p>&nbsp;<\/p>\n<p style=\"text-align: center;\"><strong>Csilla Juh\u00e1sz<\/strong> president<br \/>\ntel.:+36703116363 ; +3663311806<br \/>\n<a href=\"mailto:scsilla.juhasz@gmail.com\" target=\"_blank\">scsilla.juhasz@gmail.com<\/a><\/p>\n<p style=\"text-align: center;\"><strong>Istv\u00e1n N\u00e9meth<\/strong> board member<br \/>\ntel.: +36706320031<\/p>\n<p style=\"text-align: center;\"><strong>\u00c1gnes Feszl<\/strong> board member<\/p>\n<p style=\"text-align: center;\">tel: +36307488082<\/p>\n<p style=\"text-align: center;\">\n<p><\/p>","protected":false},"excerpt":{"rendered":"<p>Board members and contacts: &nbsp; Csilla Juh\u00e1sz president tel.:+36703116363 ; +3663311806 scsilla.juhasz@gmail.com Istv\u00e1n N\u00e9meth board member tel.: +36706320031 \u00c1gnes Feszl board member tel: +36307488082<\/p>\n","protected":false},"author":1,"featured_media":0,"parent":752,"menu_order":1,"comment_status":"closed","ping_status":"closed","template":"","meta":{"ngg_post_thumbnail":0,"footnotes":""},"class_list":["post-757","page","type-page","status-publish","hentry"],"_links":{"self":[{"href":"https:\/\/iwclub.hu\/en\/wp-json\/wp\/v2\/pages\/757","targetHints":{"allow":["GET"]}}],"collection":[{"href":"https:\/\/iwclub.hu\/en\/wp-json\/wp\/v2\/pages"}],"about":[{"href":"https:\/\/iwclub.hu\/en\/wp-json\/wp\/v2\/types\/page"}],"author":[{"embeddable":true,"href":"https:\/\/iwclub.hu\/en\/wp-json\/wp\/v2\/users\/1"}],"replies":[{"embeddable":true,"href":"https:\/\/iwclub.hu\/en\/wp-json\/wp\/v2\/comments?post=757"}],"version-history":[{"count":4,"href":"https:\/\/iwclub.hu\/en\/wp-json\/wp\/v2\/pages\/757\/revisions"}],"predecessor-version":[{"id":1132,"href":"https:\/\/iwclub.hu\/en\/wp-json\/wp\/v2\/pages\/757\/revisions\/1132"}],"up":[{"embeddable":true,"href":"https:\/\/iwclub.hu\/en\/wp-json\/wp\/v2\/pages\/752"}],"wp:attachment":[{"href":"https:\/\/iwclub.hu\/en\/wp-json\/wp\/v2\/media?parent=757"}],"curies":[{"name":"wp","href":"https:\/\/api.w.org\/{rel}","templated":true}]}}